{"id":36,"date":"2017-03-10T08:18:44","date_gmt":"2017-03-10T08:18:44","guid":{"rendered":"http:\/\/wordpress.pierre-dietz.de\/?page_id=36"},"modified":"2025-12-09T05:56:21","modified_gmt":"2025-12-09T05:56:21","slug":"vita","status":"publish","type":"page","link":"http:\/\/wordpress.pierre-dietz.de\/?page_id=36","title":{"rendered":"Vita"},"content":{"rendered":"<p align=\"LEFT\"><strong>EXMYSTIKA Kurzfilm-Dokus<br \/>\n<\/strong>Die Entdeckung von Camelot, 2025<br \/>\nDie Legende vom Greif, 2025<br \/>\nDas Labyrinth von Knossos, 2025<br \/>\nJulian II. \u2013 Der vergessene Kaiser, 2025<br \/>\nDer Christus aus dem Jahre Null, 2025<br \/>\nDer erste Tempel Salomon, 2025<br \/>\nDie erste G\u00f6tterschlacht, 2025<br \/>\nDie Tafelrunde des Uther, 2025<br \/>\nRechenmaschinen der Antike, 2025<br \/>\nMagdalena \u2013 Die Schw\u00e4gerin Jesu, 2025<br \/>\nDie Buchstaben der Kelten, 2025<br \/>\nDie Entdeckung der Gralsburg, 2024<br \/>\nDie Landebahnen von Carnac, 2024<\/p>\n<p align=\"LEFT\"><strong>Filme<br \/>\n<\/strong>Der Tempel Salomos und die Dschinn, 2023, Dokumentarfilm<br \/>\nBriefe aus der Deportation, 2012, Dokumentarfilm<\/p>\n<p align=\"LEFT\"><strong>Kurzfilme<br \/>\n<\/strong>The new Eldorado, 2018, 3D<strong><br \/>\n<\/strong>Cosmic Crump, 2014, 3D und Realbild<br \/>\nClan Quest, 2010, 3D und Realbild<br \/>\nAxolotl, 2010, 3D und Realbild<br \/>\nSonnenschutzfaktor, 2005, 3D-Animation<br \/>\nSnowball, 2004, 3D-Animation<br \/>\nDie Raupe, die im Apfel sass&#8230;, 2004, Flash<br \/>\nAls die Bilder laufen lernten, 2002, 3D-Animation<br \/>\nWecke den schlafenden Weihnachtsmann, 2000, Flash<br \/>\nDer Faustkeil, 2000, Director<br \/>\nDie Brennstoffzelle, 2000 f\u00fcr Adam Opel AG, 3D-Animation<br \/>\nAktive Kopfst\u00fctze, 1999 f\u00fcr Adam Opel AG, 3D-Animation<\/p>\n<p align=\"LEFT\"><strong>B\u00fccher<br \/>\n<\/strong>The 3rd Planet, BOD 2024<br \/>\nJesus Crispus und andere F\u00e4lschungen, BOD 2023<br \/>\nSisi in der Normandie und andere Kurzgeschichten, BOD 2021<br \/>\nBARAKABAS pl\u00f6tzlich allein, BOD 2021<strong><br \/>\n<\/strong>\u00bbKing\u00ab Artus und das Geheimnis von Avalon, Edition AV 2019<strong><br \/>\n<\/strong>Resistance et marche de la mort, \u00a0\u00c9ditions Charles Corlet 2017<br \/>\nResistance und Todesmarsch, Edition AV 2015<br \/>\nLettres d\u2019un ouvrier d\u00e9port\u00e9, \u00c9ditions Charles Corlet 2015<br \/>\nDas Geisterfestungsfest, Edition AV 2013<br \/>\nBriefe aus der Deportation, Edition AV 2010<br \/>\nOrientalische K\u00fcche trifft Rheingau-Wein, BOD 2010<br \/>\nDer Stiefmutter-Planet, BOD 2009<\/p>\n<p align=\"LEFT\"><strong>Kunstausstellungen<br \/>\n<\/strong>\u00bbLuftschl\u00f6sser\u00ab Serie 2, Waschbar, R\u00fcsselsheim, 2020<strong><br \/>\n<\/strong>\u00bbLuftschl\u00f6sser\u00ab Serie 1, Waschbar, R\u00fcsselsheim, 2019<strong><br \/>\n<\/strong>\u00bbLuftschl\u00f6sser\u00ab, Rathaus Linden, 2017<br \/>\n<em>Nacht der Sinne, Gro\u00df-Gerau, 2017<\/em><br \/>\n\u00bbLuftschl\u00f6sser\u00ab, Kreissparkasse Gro\u00df-Gerau, 2017<strong><br \/>\n<\/strong>\u00bbLuftschl\u00f6sser\u00ab, Eschborn-K, 2016<br \/>\n<em>Nacht der Sinne, Gro\u00df-Gerau, 2016<\/em><br \/>\n\u00bbLuftschl\u00f6sser\u00ab, Rathaus Versmold, 2016<br \/>\n\u00bbLuftschl\u00f6sser\u00ab, Tor28, K\u00f6ln, 2016<br \/>\n<em>Nacht der Sinne, Gro\u00df-Gerau, 2015<\/em><br \/>\n\u00bbLuftschl\u00f6sser\u00ab, Wunderbar, H\u00f6chst, 2015<br \/>\n<em>Eisenturm, Mainz, 2015<\/em><br \/>\n\u00bbLuftschl\u00f6sser\u00ab, Gesund &amp; Sch\u00f6n, Nauheim, 2014<br \/>\n<em>Stadtmuseum Gro\u00df-Gerau, 2014<\/em><\/p>\n<p align=\"LEFT\"><strong>Fotoausstellung<br \/>\n<\/strong>Digitale Fotografie \u00bbMomentaufnahmen\u00ab, 2001<\/p>\n","protected":false},"excerpt":{"rendered":"<p>EXMYSTIKA Kurzfilm-Dokus Die Entdeckung von Camelot, 2025 Die Legende vom Greif, 2025 Das Labyrinth von Knossos, 2025 Julian II. \u2013 Der vergessene Kaiser, 2025 Der Christus aus dem Jahre Null, 2025 Der erste Tempel Salomon, 2025 Die erste G\u00f6tterschlacht, 2025 Die Tafelrunde des Uther, 2025 Rechenmaschinen der Antike, 2025 Magdalena \u2013 Die Schw\u00e4gerin Jesu, 2025 &hellip; <a href=\"http:\/\/wordpress.pierre-dietz.de\/?page_id=36\" class=\"more-link\"><span class=\"screen-reader-text\">\u201eVita\u201c<\/span> weiterlesen<\/a><\/p>\n","protected":false},"author":1,"featured_media":0,"parent":0,"menu_order":0,"comment_status":"closed","ping_status":"closed","template":"","meta":{"footnotes":""},"class_list":["post-36","page","type-page","status-publish","hentry"],"_links":{"self":[{"href":"http:\/\/wordpress.pierre-dietz.de\/index.php?rest_route=\/wp\/v2\/pages\/36","targetHints":{"allow":["GET"]}}],"collection":[{"href":"http:\/\/wordpress.pierre-dietz.de\/index.php?rest_route=\/wp\/v2\/pages"}],"about":[{"href":"http:\/\/wordpress.pierre-dietz.de\/index.php?rest_route=\/wp\/v2\/types\/page"}],"author":[{"embeddable":true,"href":"http:\/\/wordpress.pierre-dietz.de\/index.php?rest_route=\/wp\/v2\/users\/1"}],"replies":[{"embeddable":true,"href":"http:\/\/wordpress.pierre-dietz.de\/index.php?rest_route=%2Fwp%2Fv2%2Fcomments&post=36"}],"version-history":[{"count":10,"href":"http:\/\/wordpress.pierre-dietz.de\/index.php?rest_route=\/wp\/v2\/pages\/36\/revisions"}],"predecessor-version":[{"id":453,"href":"http:\/\/wordpress.pierre-dietz.de\/index.php?rest_route=\/wp\/v2\/pages\/36\/revisions\/453"}],"wp:attachment":[{"href":"http:\/\/wordpress.pierre-dietz.de\/index.php?rest_route=%2Fwp%2Fv2%2Fmedia&parent=36"}],"curies":[{"name":"wp","href":"https:\/\/api.w.org\/{rel}","templated":true}]}}