{"id":31,"date":"2017-03-10T07:54:40","date_gmt":"2017-03-10T07:54:40","guid":{"rendered":"http:\/\/wordpress.pierre-dietz.de\/?page_id=31"},"modified":"2018-05-26T11:36:18","modified_gmt":"2018-05-26T11:36:18","slug":"impressum","status":"publish","type":"page","link":"http:\/\/wordpress.pierre-dietz.de\/?page_id=31","title":{"rendered":"Impressum"},"content":{"rendered":"<p><strong>Pierre Dietz<br \/>\n<\/strong><strong>Autor und Designer<\/strong><\/p>\n<p>Justus-Liebig-Stra\u00dfe 37<br \/>\nD-64569 Nauheim<br \/>\n+49 1577-4079-413<br \/>\nluftschloesser [\u00e4t] pierre-dietz.de<br \/>\nhttp:\/\/www.pierre-dietz.de<br \/>\nhttp:\/\/www.contrabasta.de<\/p>\n<p>Umsatzsteuer-Identifikationsnummer gem\u00e4\u00df \u00a7 27a Umsatzsteuergesetz (UStG): DE213690427.<br \/>\nSeit 1.1.2016 Kleinunternehmerregelung.<\/p>\n<p>Inhaltlich Verantwortlicher gem\u00e4\u00df \u00a7 55 Rundfunkstaatsvertrag (RStV) und verantwortlich im Sinne des \u00a7 10 Absatz 3 des Mediendienste-Staatsvertrages: Pierre Dietz<\/p>\n<p>Die Seite dient zur Information \u00fcber meine k\u00fcnstlerischen T\u00e4tigkeiten. Mein Internetauftritt dient weder zum direkten Verkauf (Shop)\u00a0noch dem Zweck, pers\u00f6nlich Daten zu sammeln.<\/p>\n<p>Alle Inhalte unterliegen dem internationalen Urheberrecht.<br \/>\nTexte, Bilder und Grafiken d\u00fcrfen nur zum pers\u00f6nlichen Gebrauch geladen werden!<br \/>\nJede andere Nutzung ist honorarpflichtig!<\/p>\n<p>F\u00fcr den Inhalt von namentlich gekennzeichneten Beitr\u00e4gen,\u00a0\u00a0Links zu Seiten au\u00dferhalb der genannten Adressen\u00a0sowie den Inhalt von Werbungen \u00fcbernehme ich keine Verantwortung.<\/p>\n","protected":false},"excerpt":{"rendered":"<p>Pierre Dietz Autor und Designer Justus-Liebig-Stra\u00dfe 37 D-64569 Nauheim +49 1577-4079-413 luftschloesser [\u00e4t] pierre-dietz.de http:\/\/www.pierre-dietz.de http:\/\/www.contrabasta.de Umsatzsteuer-Identifikationsnummer gem\u00e4\u00df \u00a7 27a Umsatzsteuergesetz (UStG): DE213690427. Seit 1.1.2016 Kleinunternehmerregelung. Inhaltlich Verantwortlicher gem\u00e4\u00df \u00a7 55 Rundfunkstaatsvertrag (RStV) und verantwortlich im Sinne des \u00a7 10 Absatz 3 des Mediendienste-Staatsvertrages: Pierre Dietz Die Seite dient zur Information \u00fcber meine k\u00fcnstlerischen T\u00e4tigkeiten. &hellip; <a href=\"http:\/\/wordpress.pierre-dietz.de\/?page_id=31\" class=\"more-link\"><span class=\"screen-reader-text\">\u201eImpressum\u201c<\/span> weiterlesen<\/a><\/p>\n","protected":false},"author":1,"featured_media":0,"parent":0,"menu_order":0,"comment_status":"closed","ping_status":"closed","template":"","meta":{"footnotes":""},"class_list":["post-31","page","type-page","status-publish","hentry"],"_links":{"self":[{"href":"http:\/\/wordpress.pierre-dietz.de\/index.php?rest_route=\/wp\/v2\/pages\/31","targetHints":{"allow":["GET"]}}],"collection":[{"href":"http:\/\/wordpress.pierre-dietz.de\/index.php?rest_route=\/wp\/v2\/pages"}],"about":[{"href":"http:\/\/wordpress.pierre-dietz.de\/index.php?rest_route=\/wp\/v2\/types\/page"}],"author":[{"embeddable":true,"href":"http:\/\/wordpress.pierre-dietz.de\/index.php?rest_route=\/wp\/v2\/users\/1"}],"replies":[{"embeddable":true,"href":"http:\/\/wordpress.pierre-dietz.de\/index.php?rest_route=%2Fwp%2Fv2%2Fcomments&post=31"}],"version-history":[{"count":4,"href":"http:\/\/wordpress.pierre-dietz.de\/index.php?rest_route=\/wp\/v2\/pages\/31\/revisions"}],"predecessor-version":[{"id":276,"href":"http:\/\/wordpress.pierre-dietz.de\/index.php?rest_route=\/wp\/v2\/pages\/31\/revisions\/276"}],"wp:attachment":[{"href":"http:\/\/wordpress.pierre-dietz.de\/index.php?rest_route=%2Fwp%2Fv2%2Fmedia&parent=31"}],"curies":[{"name":"wp","href":"https:\/\/api.w.org\/{rel}","templated":true}]}}