{"id":159,"date":"2017-03-13T17:42:04","date_gmt":"2017-03-13T17:42:04","guid":{"rendered":"http:\/\/wordpress.pierre-dietz.de\/?page_id=159"},"modified":"2019-07-30T15:13:06","modified_gmt":"2019-07-30T15:13:06","slug":"luftschloesser","status":"publish","type":"page","link":"http:\/\/wordpress.pierre-dietz.de\/?page_id=159","title":{"rendered":"Flyer Luftschl\u00f6sser"},"content":{"rendered":"<p><a href=\"http:\/\/wordpress.pierre-dietz.de\/wp-content\/uploads\/2019\/01\/broschuere_innen3.jpg\"><img loading=\"lazy\" decoding=\"async\" class=\"alignleft size-large wp-image-299\" src=\"http:\/\/wordpress.pierre-dietz.de\/wp-content\/uploads\/2019\/01\/broschuere_innen3-1024x727.jpg\" alt=\"\" width=\"840\" height=\"596\" srcset=\"http:\/\/wordpress.pierre-dietz.de\/wp-content\/uploads\/2019\/01\/broschuere_innen3-1024x727.jpg 1024w, http:\/\/wordpress.pierre-dietz.de\/wp-content\/uploads\/2019\/01\/broschuere_innen3-300x213.jpg 300w, http:\/\/wordpress.pierre-dietz.de\/wp-content\/uploads\/2019\/01\/broschuere_innen3-768x545.jpg 768w, http:\/\/wordpress.pierre-dietz.de\/wp-content\/uploads\/2019\/01\/broschuere_innen3-1200x852.jpg 1200w\" sizes=\"auto, (max-width: 709px) 85vw, (max-width: 909px) 67vw, (max-width: 1362px) 62vw, 840px\" \/><\/a><\/p>\n<p>\u00d6l auf Leinwand mit Aluminiumkante<br \/>\nSerie 1: 2002, 2011\u20132018<br \/>\nSerie 2: 2017\u2013<\/p>\n<p>Ausstellungen bisher in Nauheim, Gro\u00df-Gerau, R\u00fcsselsheim, Frankfurt-H\u00f6chst, Eschborn, Versmold, Mainz, K\u00f6ln und Linden (Hessen)<\/p>\n","protected":false},"excerpt":{"rendered":"<p>\u00d6l auf Leinwand mit Aluminiumkante Serie 1: 2002, 2011\u20132018 Serie 2: 2017\u2013 Ausstellungen bisher in Nauheim, Gro\u00df-Gerau, R\u00fcsselsheim, Frankfurt-H\u00f6chst, Eschborn, Versmold, Mainz, K\u00f6ln und Linden (Hessen)<\/p>\n","protected":false},"author":1,"featured_media":0,"parent":0,"menu_order":0,"comment_status":"closed","ping_status":"closed","template":"","meta":{"footnotes":""},"class_list":["post-159","page","type-page","status-publish","hentry"],"_links":{"self":[{"href":"http:\/\/wordpress.pierre-dietz.de\/index.php?rest_route=\/wp\/v2\/pages\/159","targetHints":{"allow":["GET"]}}],"collection":[{"href":"http:\/\/wordpress.pierre-dietz.de\/index.php?rest_route=\/wp\/v2\/pages"}],"about":[{"href":"http:\/\/wordpress.pierre-dietz.de\/index.php?rest_route=\/wp\/v2\/types\/page"}],"author":[{"embeddable":true,"href":"http:\/\/wordpress.pierre-dietz.de\/index.php?rest_route=\/wp\/v2\/users\/1"}],"replies":[{"embeddable":true,"href":"http:\/\/wordpress.pierre-dietz.de\/index.php?rest_route=%2Fwp%2Fv2%2Fcomments&post=159"}],"version-history":[{"count":17,"href":"http:\/\/wordpress.pierre-dietz.de\/index.php?rest_route=\/wp\/v2\/pages\/159\/revisions"}],"predecessor-version":[{"id":303,"href":"http:\/\/wordpress.pierre-dietz.de\/index.php?rest_route=\/wp\/v2\/pages\/159\/revisions\/303"}],"wp:attachment":[{"href":"http:\/\/wordpress.pierre-dietz.de\/index.php?rest_route=%2Fwp%2Fv2%2Fmedia&parent=159"}],"curies":[{"name":"wp","href":"https:\/\/api.w.org\/{rel}","templated":true}]}}