{"id":146,"date":"2017-03-12T09:29:45","date_gmt":"2017-03-12T09:29:45","guid":{"rendered":"http:\/\/wordpress.pierre-dietz.de\/?page_id=146"},"modified":"2018-05-04T15:31:09","modified_gmt":"2018-05-04T15:31:09","slug":"der-stiefmutter-planet","status":"publish","type":"page","link":"http:\/\/wordpress.pierre-dietz.de\/?page_id=146","title":{"rendered":"\u00bbDer Stiefmutter-Planet\u00ab"},"content":{"rendered":"<p><a href=\"http:\/\/wordpress.pierre-dietz.de\/wp-content\/uploads\/2017\/03\/pierre_dietz_der-stiefmutter-planet_280.jpg\" target=\"_blank\" rel=\"noopener\"><img loading=\"lazy\" decoding=\"async\" class=\"alignnone wp-image-84 size-medium\" src=\"http:\/\/wordpress.pierre-dietz.de\/wp-content\/uploads\/2017\/03\/pierre_dietz_der-stiefmutter-planet_280-212x300.jpg\" alt=\"\" width=\"212\" height=\"300\" srcset=\"http:\/\/wordpress.pierre-dietz.de\/wp-content\/uploads\/2017\/03\/pierre_dietz_der-stiefmutter-planet_280-212x300.jpg 212w, http:\/\/wordpress.pierre-dietz.de\/wp-content\/uploads\/2017\/03\/pierre_dietz_der-stiefmutter-planet_280.jpg 283w\" sizes=\"auto, (max-width: 212px) 85vw, 212px\" \/><\/a><\/p>\n<p>Ein arch\u00e4ologischer Sciencefictioncomic<\/p>\n<p>Umfang: Paperback, 50 Seiten s\/w<br \/>\nAutor: Pierre Dietz (Text und Zeichnungen)<br \/>\nVerlag: BoD<br \/>\nISBN: 978-3-83709-839-6<br \/>\nPreis: 6,90 \u20ac<\/p>\n<p>Die Erde (Mutter genannt) hat die Umlaufbahn um die Sonne verlassen, nachdem sie mit einem anderen Planeten zusammengesto\u00dfen ist. Ein paar Wenige haben dank der Erdw\u00e4rme \u00fcberlebt. Nach wenigen Generationen hat man die Sonne vergessen und glaubt nicht mehr an die \u00dcberlieferungen. \u00dcber 1600 Jahren sp\u00e4ter entdecken wagemutige Abenteurer bei einer Expedition an die Erdoberfl\u00e4che, dass sich ihr Planet einer Sonne n\u00e4hert. Um wieder an der Oberfl\u00e4che leben zu k\u00f6nnen, soll die Erde in eine Umlaufbahn um die Sonne gesprengt werden. Die Sektenf\u00fchrer protestieren und drohen mit Krieg. Bereits in naher Zukunft soll die Kurskorrektur der Umlaufbahn mit\u00a0 der Z\u00fcndung von Atombomben\u00a0 realisiert werden.<\/p>\n<p><a href=\"http:\/\/wordpress.pierre-dietz.de\/wp-content\/uploads\/2017\/03\/auf-dem-fluss.jpg\" target=\"_blank\" rel=\"noopener\"><img loading=\"lazy\" decoding=\"async\" class=\"alignnone wp-image-83 size-medium\" src=\"http:\/\/wordpress.pierre-dietz.de\/wp-content\/uploads\/2017\/03\/auf-dem-fluss-300x149.jpg\" alt=\"\" width=\"300\" height=\"149\" srcset=\"http:\/\/wordpress.pierre-dietz.de\/wp-content\/uploads\/2017\/03\/auf-dem-fluss-300x149.jpg 300w, http:\/\/wordpress.pierre-dietz.de\/wp-content\/uploads\/2017\/03\/auf-dem-fluss.jpg 320w\" sizes=\"auto, (max-width: 300px) 85vw, 300px\" \/><\/a><\/p>\n<p>Du bist Teil der Geschichte und wirst zu einer Mission auf den Planeten \u00bbStiefmutter\u00ab geschickt. Das Uran auf der Erde reicht nicht f\u00fcr das Vorhaben und so soll dieses Material auf diesem Planeten abgebaut werden. Der Zeitplan ist knapp. Politiker sowie F\u00fchrungskr\u00e4fte sind nerv\u00f6s und gereizt. Es kommt immer wieder zu Spannungen! Du wirst von Aufst\u00e4ndischen entf\u00fchrt. Das er\u00f6ffnet dir neue Einblicke und Erkenntnisse in die politische und philosophische Lage deiner Welt.<\/p>\n<p><a href=\"http:\/\/wordpress.pierre-dietz.de\/wp-content\/uploads\/2017\/03\/raumstation.jpg\" target=\"_blank\" rel=\"noopener\"><img loading=\"lazy\" decoding=\"async\" class=\"alignnone wp-image-85 size-full\" src=\"http:\/\/wordpress.pierre-dietz.de\/wp-content\/uploads\/2017\/03\/raumstation.jpg\" alt=\"\" width=\"200\" height=\"194\" \/><\/a><\/p>\n<p>Auf der Raumstation, in der das Uran zwischengelagert wird, begegnest du einem fremden Wesen. Die Lage eskaliert, der Uranabbau ger\u00e4t ins Stocken. Wird die Erde die neue Umlaufbahn einnehmen?<\/p>\n","protected":false},"excerpt":{"rendered":"<p>Ein arch\u00e4ologischer Sciencefictioncomic Umfang: Paperback, 50 Seiten s\/w Autor: Pierre Dietz (Text und Zeichnungen) Verlag: BoD ISBN: 978-3-83709-839-6 Preis: 6,90 \u20ac Die Erde (Mutter genannt) hat die Umlaufbahn um die Sonne verlassen, nachdem sie mit einem anderen Planeten zusammengesto\u00dfen ist. Ein paar Wenige haben dank der Erdw\u00e4rme \u00fcberlebt. Nach wenigen Generationen hat man die Sonne &hellip; <a href=\"http:\/\/wordpress.pierre-dietz.de\/?page_id=146\" class=\"more-link\"><span class=\"screen-reader-text\">\u201e\u00bbDer Stiefmutter-Planet\u00ab\u201c<\/span> weiterlesen<\/a><\/p>\n","protected":false},"author":1,"featured_media":0,"parent":0,"menu_order":0,"comment_status":"closed","ping_status":"closed","template":"","meta":{"footnotes":""},"class_list":["post-146","page","type-page","status-publish","hentry"],"_links":{"self":[{"href":"http:\/\/wordpress.pierre-dietz.de\/index.php?rest_route=\/wp\/v2\/pages\/146","targetHints":{"allow":["GET"]}}],"collection":[{"href":"http:\/\/wordpress.pierre-dietz.de\/index.php?rest_route=\/wp\/v2\/pages"}],"about":[{"href":"http:\/\/wordpress.pierre-dietz.de\/index.php?rest_route=\/wp\/v2\/types\/page"}],"author":[{"embeddable":true,"href":"http:\/\/wordpress.pierre-dietz.de\/index.php?rest_route=\/wp\/v2\/users\/1"}],"replies":[{"embeddable":true,"href":"http:\/\/wordpress.pierre-dietz.de\/index.php?rest_route=%2Fwp%2Fv2%2Fcomments&post=146"}],"version-history":[{"count":5,"href":"http:\/\/wordpress.pierre-dietz.de\/index.php?rest_route=\/wp\/v2\/pages\/146\/revisions"}],"predecessor-version":[{"id":268,"href":"http:\/\/wordpress.pierre-dietz.de\/index.php?rest_route=\/wp\/v2\/pages\/146\/revisions\/268"}],"wp:attachment":[{"href":"http:\/\/wordpress.pierre-dietz.de\/index.php?rest_route=%2Fwp%2Fv2%2Fmedia&parent=146"}],"curies":[{"name":"wp","href":"https:\/\/api.w.org\/{rel}","templated":true}]}}