{"id":101,"date":"2017-03-11T22:43:03","date_gmt":"2017-03-11T22:43:03","guid":{"rendered":"http:\/\/wordpress.pierre-dietz.de\/?page_id=101"},"modified":"2017-03-11T22:44:18","modified_gmt":"2017-03-11T22:44:18","slug":"lettres-dun-ouvrier-deporte","status":"publish","type":"page","link":"http:\/\/wordpress.pierre-dietz.de\/?page_id=101","title":{"rendered":"\u00ab Lettres d&#8217;un ouvrier d\u00e9port\u00e9 \u00bb"},"content":{"rendered":"<p><strong>De Maromme \u00e0 Auschwitz, les deux r\u00e9sistances de William Letourneur.<\/strong><\/p>\n<p><img loading=\"lazy\" decoding=\"async\" class=\"alignnone size-full wp-image-88\" src=\"http:\/\/wordpress.pierre-dietz.de\/wp-content\/uploads\/2017\/03\/dietz-lettres-ouvrier-deporte-maromme_300.jpg\" alt=\"\" width=\"196\" height=\"300\" \/><\/p>\n<p>En publiant les lettres de captivit\u00e9 de son arri\u00e8re-grand-p\u00e8re, William Letourneur, d\u00e9port\u00e9-r\u00e9sistant \u00e0 Buchenwald, Lublin et Auschwitz, Pierre Dietz entretient la m\u00e9moire de la R\u00e9sistance en Haute-Normandie, mais fait aussi progresser l\u2019histoire de la d\u00e9portation.<\/p>\n<p>Tr\u00e8s peu d\u2019ouvrages en effet ont \u00e9t\u00e9 publi\u00e9s sur l\u2019histoire de la R\u00e9sistance en Seine-Maritime. L\u2019action de cet ouvrier tanneur de Maromme dans les rangs du Front national est utilement compl\u00e9t\u00e9e par les t\u00e9moignages de plusieurs de ses compagnons de r\u00e9sistance.<\/p>\n<p>Mais l\u2019int\u00e9r\u00eat principal de ce livre \u00e9mouvant r\u00e9side dans la r\u00e9union d\u2019un corpus exceptionnel de lettres clandestines, \u00e9chang\u00e9es en 1943-1944, entre William Letourneur et sa femme H\u00e9l\u00e8ne, alors que celui-ci se trouve intern\u00e9 dans les prisons et camps d\u2019internement allemands en France, puis d\u00e9port\u00e9 dans les camps de concentration du Reich hitl\u00e9rien.<\/p>\n<p><a href=\"http:\/\/wordpress.pierre-dietz.de\/wp-content\/uploads\/2017\/03\/krankenblatt.jpg\" target=\"_blank\"><img loading=\"lazy\" decoding=\"async\" class=\"alignnone wp-image-89 size-medium\" src=\"http:\/\/wordpress.pierre-dietz.de\/wp-content\/uploads\/2017\/03\/krankenblatt-300x300.jpg\" alt=\"Auschnitt Krankenblatt aus Auschwitz\" width=\"300\" height=\"300\" srcset=\"http:\/\/wordpress.pierre-dietz.de\/wp-content\/uploads\/2017\/03\/krankenblatt-300x300.jpg 300w, http:\/\/wordpress.pierre-dietz.de\/wp-content\/uploads\/2017\/03\/krankenblatt-150x150.jpg 150w, http:\/\/wordpress.pierre-dietz.de\/wp-content\/uploads\/2017\/03\/krankenblatt.jpg 666w\" sizes=\"auto, (max-width: 300px) 85vw, 300px\" \/><\/a><\/p>\n<p>Soigneusement mis en page et illustr\u00e9, magnifi\u00e9 par les dessins de d\u00e9portation d\u2019Auguste Favier et de Pierre Mania, le livre de Pierre Dietz constitue, d\u2019ores et d\u00e9j\u00e0, un des fleurons de la collection \u00ab R\u00e9sistance en Normandie \u00bb.<\/p>\n<p>ISBN : 978-2-84706-585-5<br \/>\n296 pages<br \/>\n22 \u20ac<\/p>\n","protected":false},"excerpt":{"rendered":"<p>De Maromme \u00e0 Auschwitz, les deux r\u00e9sistances de William Letourneur. En publiant les lettres de captivit\u00e9 de son arri\u00e8re-grand-p\u00e8re, William Letourneur, d\u00e9port\u00e9-r\u00e9sistant \u00e0 Buchenwald, Lublin et Auschwitz, Pierre Dietz entretient la m\u00e9moire de la R\u00e9sistance en Haute-Normandie, mais fait aussi progresser l\u2019histoire de la d\u00e9portation. Tr\u00e8s peu d\u2019ouvrages en effet ont \u00e9t\u00e9 publi\u00e9s sur l\u2019histoire &hellip; <a href=\"http:\/\/wordpress.pierre-dietz.de\/?page_id=101\" class=\"more-link\"><span class=\"screen-reader-text\">\u201e\u00ab Lettres d&#8217;un ouvrier d\u00e9port\u00e9 \u00bb\u201c<\/span> weiterlesen<\/a><\/p>\n","protected":false},"author":1,"featured_media":0,"parent":0,"menu_order":0,"comment_status":"closed","ping_status":"closed","template":"","meta":{"footnotes":""},"class_list":["post-101","page","type-page","status-publish","hentry"],"_links":{"self":[{"href":"http:\/\/wordpress.pierre-dietz.de\/index.php?rest_route=\/wp\/v2\/pages\/101","targetHints":{"allow":["GET"]}}],"collection":[{"href":"http:\/\/wordpress.pierre-dietz.de\/index.php?rest_route=\/wp\/v2\/pages"}],"about":[{"href":"http:\/\/wordpress.pierre-dietz.de\/index.php?rest_route=\/wp\/v2\/types\/page"}],"author":[{"embeddable":true,"href":"http:\/\/wordpress.pierre-dietz.de\/index.php?rest_route=\/wp\/v2\/users\/1"}],"replies":[{"embeddable":true,"href":"http:\/\/wordpress.pierre-dietz.de\/index.php?rest_route=%2Fwp%2Fv2%2Fcomments&post=101"}],"version-history":[{"count":2,"href":"http:\/\/wordpress.pierre-dietz.de\/index.php?rest_route=\/wp\/v2\/pages\/101\/revisions"}],"predecessor-version":[{"id":103,"href":"http:\/\/wordpress.pierre-dietz.de\/index.php?rest_route=\/wp\/v2\/pages\/101\/revisions\/103"}],"wp:attachment":[{"href":"http:\/\/wordpress.pierre-dietz.de\/index.php?rest_route=%2Fwp%2Fv2%2Fmedia&parent=101"}],"curies":[{"name":"wp","href":"https:\/\/api.w.org\/{rel}","templated":true}]}}